{"id":736,"date":"2026-02-20T13:18:31","date_gmt":"2026-02-20T12:18:31","guid":{"rendered":"https:\/\/www.tk2d-academy.de\/?page_id=736"},"modified":"2026-02-20T13:38:18","modified_gmt":"2026-02-20T12:38:18","slug":"tk2d-academy-selbstverteidigung-taekwondo-defense-in-eilenburg","status":"publish","type":"page","link":"https:\/\/www.tk2d-academy.de\/","title":{"rendered":"TK2D Academy \u2013 Selbstverteidigung &#8211; Taekwondo Defense in Eilenburg"},"content":{"rendered":"<div class=\"wp-block-image\">\n<figure class=\"aligncenter size-full is-resized\"><img fetchpriority=\"high\" decoding=\"async\" width=\"768\" height=\"1024\" src=\"https:\/\/www.tk2d-academy.de\/wp-content\/uploads\/2025\/01\/Kuehren.webp\" alt=\"\" class=\"wp-image-157\" style=\"aspect-ratio:0.7500227998176014;width:400px;height:auto\" srcset=\"https:\/\/www.tk2d-academy.de\/wp-content\/uploads\/2025\/01\/Kuehren.webp 768w, https:\/\/www.tk2d-academy.de\/wp-content\/uploads\/2025\/01\/Kuehren-225x300.webp 225w\" sizes=\"(max-width: 768px) 100vw, 768px\" \/><\/figure>\n<\/div>\n\n\n<p><strong>Strukturiertes Training f\u00fcr Kinder, Jugendliche und Erwachsene \u2013 f\u00fcr mehr Selbstvertrauen, Sicherheit und pers\u00f6nliche St\u00e4rke.<\/strong><\/p>\n\n\n\n<div class=\"wp-block-buttons is-layout-flex wp-block-buttons-is-layout-flex\">\n<div class=\"wp-block-button\"><a class=\"wp-block-button__link wp-element-button\" href=\"https:\/\/www.tk2d-academy.de\/index.php\/probetraining-gewuenscht\/\">Kostenloses Probetraining vereinbaren<\/a><\/div>\n<\/div>\n\n\n\n<p>geeignet f\u00fcr Anf\u00e4nger und auch f\u00fcr Fortgeschrittene.<\/p>\n\n\n\n<p><strong>WARUM TK2D ACADEMY<\/strong><br><br>Die TK2D Academy steht f\u00fcr modernes, strukturiertes Selbstverteidigungstraining auf Basis jahrzehntelanger stil\u00fcbergreifender Erfahrung realit\u00e4tsnaher Selbstverteidigung.<\/p>\n\n\n\n<p>Unser Training st\u00e4rkt nicht nur den K\u00f6rper, sondern vor allem den Charakter. Unsere Sch\u00fcler entwickeln Selbstvertrauen, Disziplin und die F\u00e4higkeit, Herausforderungen zu meistern \u2013 auf der Trainingsfl\u00e4che und im Leben.<\/p>\n\n\n\n<p><strong>St\u00e4rken:<\/strong><\/p>\n\n\n\n<ul class=\"wp-block-list\">\n<li>\u00dcber 30 Jahre Kampfsporterfahrung<\/li>\n\n\n\n<li>3. Dan TKDD und TKD und mehrfach lizenzierter Trainer<\/li>\n\n\n\n<li>Hintergrund im Vollzugsdienst (ehemals) mit realer Einsatzerfahrung<\/li>\n\n\n\n<li>Strukturiertes Academy-System mit klarer Entwicklung<\/li>\n\n\n\n<li>Training f\u00fcr Kinder, Jugendliche und Erwachsene<\/li>\n<\/ul>\n\n\n\n<p><strong>TRAINING F\u00dcR JEDE ALTERSGRUPPE<\/strong><\/p>\n\n\n\n<p><strong>Bambini (3\u20136 Jahre)<\/strong><br>Spielerische F\u00f6rderung von Koordination, Konzentration und Selbstvertrauen<\/p>\n\n\n<div class=\"wp-block-image\">\n<figure class=\"aligncenter size-large is-resized\"><img decoding=\"async\" width=\"1024\" height=\"877\" src=\"https:\/\/www.tk2d-academy.de\/wp-content\/uploads\/2025\/01\/Panitzsch-1024x877.jpg\" alt=\"\" class=\"wp-image-188\" style=\"aspect-ratio:1.1676295556231266;width:431px;height:auto\" srcset=\"https:\/\/www.tk2d-academy.de\/wp-content\/uploads\/2025\/01\/Panitzsch-1024x877.jpg 1024w, https:\/\/www.tk2d-academy.de\/wp-content\/uploads\/2025\/01\/Panitzsch-300x257.jpg 300w, https:\/\/www.tk2d-academy.de\/wp-content\/uploads\/2025\/01\/Panitzsch-768x658.jpg 768w, https:\/\/www.tk2d-academy.de\/wp-content\/uploads\/2025\/01\/Panitzsch-1536x1316.jpg 1536w, https:\/\/www.tk2d-academy.de\/wp-content\/uploads\/2025\/01\/Panitzsch-2048x1754.jpg 2048w\" sizes=\"(max-width: 1024px) 100vw, 1024px\" \/><\/figure>\n<\/div>\n\n\n<p><strong>Kinder (6\u201312 Jahre)<\/strong><br>St\u00e4rkung von Selbstvertrauen, Disziplin und mentaler Widerstandskraft<\/p>\n\n\n<div class=\"wp-block-image\">\n<figure class=\"aligncenter size-large is-resized\"><img decoding=\"async\" width=\"1920\" height=\"2560\" src=\"https:\/\/www.tk2d-academy.de\/wp-content\/uploads\/2026\/02\/IMG_8491-edited-scaled.jpeg\" alt=\"\" class=\"wp-image-738\" style=\"width:396px;height:auto\" srcset=\"https:\/\/www.tk2d-academy.de\/wp-content\/uploads\/2026\/02\/IMG_8491-edited-scaled.jpeg 1920w, https:\/\/www.tk2d-academy.de\/wp-content\/uploads\/2026\/02\/IMG_8491-edited-225x300.jpeg 225w, https:\/\/www.tk2d-academy.de\/wp-content\/uploads\/2026\/02\/IMG_8491-edited-768x1024.jpeg 768w, https:\/\/www.tk2d-academy.de\/wp-content\/uploads\/2026\/02\/IMG_8491-edited-1152x1536.jpeg 1152w, https:\/\/www.tk2d-academy.de\/wp-content\/uploads\/2026\/02\/IMG_8491-edited-1536x2048.jpeg 1536w\" sizes=\"(max-width: 1920px) 100vw, 1920px\" \/><\/figure>\n<\/div>\n\n\n<p><strong>(Pre)Teens (10\u201315 Jahre)<\/strong><br>Realit\u00e4tsnahe Selbstverteidigung, k\u00f6rperliche Fitness und mentale St\u00e4rke<\/p>\n\n\n<div class=\"wp-block-image\">\n<figure class=\"aligncenter size-large is-resized\"><img loading=\"lazy\" decoding=\"async\" width=\"768\" height=\"1024\" src=\"https:\/\/www.tk2d-academy.de\/wp-content\/uploads\/2026\/02\/IMG_4150-768x1024.jpeg\" alt=\"\" class=\"wp-image-739\" style=\"width:335px;height:auto\" srcset=\"https:\/\/www.tk2d-academy.de\/wp-content\/uploads\/2026\/02\/IMG_4150-768x1024.jpeg 768w, https:\/\/www.tk2d-academy.de\/wp-content\/uploads\/2026\/02\/IMG_4150-225x300.jpeg 225w, https:\/\/www.tk2d-academy.de\/wp-content\/uploads\/2026\/02\/IMG_4150-1152x1536.jpeg 1152w, https:\/\/www.tk2d-academy.de\/wp-content\/uploads\/2026\/02\/IMG_4150-1536x2048.jpeg 1536w, https:\/\/www.tk2d-academy.de\/wp-content\/uploads\/2026\/02\/IMG_4150-scaled.jpeg 1920w\" sizes=\"(max-width: 768px) 100vw, 768px\" \/><\/figure>\n<\/div>\n\n\n<p><strong>Erwachsene<\/strong><br>Effektive Selbstverteidigung, k\u00f6rperliche Fitness und pers\u00f6nliche Weiterentwicklung<\/p>\n\n\n<div class=\"wp-block-image\">\n<figure class=\"aligncenter size-full is-resized\"><img decoding=\"async\" src=\"https:\/\/www.tk2d-academy.de\/wp-content\/uploads\/2025\/01\/IMG_2937.heic\" alt=\"\" class=\"wp-image-242\" style=\"aspect-ratio:0.7500074928817623;width:316px;height:auto\"\/><\/figure>\n<\/div>\n\n\n<p><\/p>\n\n\n\n<div class=\"wp-block-buttons is-layout-flex wp-block-buttons-is-layout-flex\">\n<div class=\"wp-block-button\"><a class=\"wp-block-button__link wp-element-button\" href=\"https:\/\/www.tk2d-academy.de\/index.php\/probetraining-gewuenscht\/\">Kostenloses Probetraining vereinbaren<\/a><\/div>\n<\/div>\n\n\n\n<p><br><strong>DAS TK2D ACADEMY SYSTEM<\/strong><\/p>\n\n\n\n<p>Strukturiertes Training statt Zufall<br><br>In der TK2D Academy folgen alle Sch\u00fcler einem klar strukturierten Entwicklungssystem. Schritt f\u00fcr Schritt werden F\u00e4higkeiten aufgebaut, gefestigt und erweitert.<\/p>\n\n\n\n<p>Dabei steht nicht nur die Technik im Fokus, sondern die Entwicklung einer starken Pers\u00f6nlichkeit.<\/p>\n\n\n\n<p>Unser Ziel ist es, Menschen zu st\u00e4rken \u2013 k\u00f6rperlich und mental.<\/p>\n\n\n\n<p><strong>\u00dcBER DEN GR\u00dcNDER<\/strong><\/p>\n\n\n<div class=\"wp-block-image\">\n<figure class=\"aligncenter size-large is-resized\"><a href=\"https:\/\/www.tk2d-academy.de\/index.php\/ueber-mich\/\"><img loading=\"lazy\" decoding=\"async\" width=\"683\" height=\"1024\" src=\"https:\/\/www.tk2d-academy.de\/wp-content\/uploads\/2026\/02\/20250202_0283-683x1024.jpg\" alt=\"\" class=\"wp-image-737\" style=\"aspect-ratio:0.6670045169108736;width:319px;height:auto\" srcset=\"https:\/\/www.tk2d-academy.de\/wp-content\/uploads\/2026\/02\/20250202_0283-683x1024.jpg 683w, https:\/\/www.tk2d-academy.de\/wp-content\/uploads\/2026\/02\/20250202_0283-200x300.jpg 200w, https:\/\/www.tk2d-academy.de\/wp-content\/uploads\/2026\/02\/20250202_0283-768x1152.jpg 768w, https:\/\/www.tk2d-academy.de\/wp-content\/uploads\/2026\/02\/20250202_0283-1024x1536.jpg 1024w, https:\/\/www.tk2d-academy.de\/wp-content\/uploads\/2026\/02\/20250202_0283-1365x2048.jpg 1365w, https:\/\/www.tk2d-academy.de\/wp-content\/uploads\/2026\/02\/20250202_0283-scaled.jpg 1707w\" sizes=\"(max-width: 683px) 100vw, 683px\" \/><\/a><\/figure>\n<\/div>\n\n\n<p>Erfahrung, Kompetenz und Leidenschaft<br><br>Die TK2D Academy wurde von Sebastian gegr\u00fcndet, im Thema mit \u00fcber 30 Jahren Erfahrung.<\/p>\n\n\n\n<p>Als mehrfach lizenzierter Trainer und ehemaliger Vollzugsbediensteter verbindet er traditionelle Kampfkunst mit moderner, realit\u00e4tsnaher Selbstverteidigung.<\/p>\n\n\n\n<p>Seine Aufgabe ist es, Menschen zu helfen, st\u00e4rker, selbstbewusster und sicherer zu werden.<\/p>\n\n\n\n<p><strong>DIE ATMOSPH\u00c4RE DER ACADEMY<\/strong><\/p>\n\n\n\n<p>Eine starke Gemeinschaft<br><\/p>\n\n\n\n<p>In der TK2D Academy trainieren Menschen jeden Alters gemeinsam in einer respektvollen und motivierenden Umgebung.<\/p>\n\n\n\n<p>Unsere Academy ist ein Ort, an dem sich jeder weiterentwickeln kann \u2013 unabh\u00e4ngig vom aktuellen Leistungsstand.<br><br>Erlebe selbst, was strukturiertes Training und professionelle Anleitung bewirken k\u00f6nnen.<\/p>\n\n\n\n<div class=\"wp-block-buttons is-layout-flex wp-block-buttons-is-layout-flex\">\n<div class=\"wp-block-button\"><a class=\"wp-block-button__link wp-element-button\" href=\"https:\/\/www.tk2d-academy.de\/index.php\/probetraining-gewuenscht\/\">Kostenloses Probetraining vereinbaren<\/a><\/div>\n<\/div>\n\n\n\n<p>unverbindlich und ohne Kosten.<\/p>\n","protected":false},"excerpt":{"rendered":"<p>Strukturiertes Training f\u00fcr Kinder, Jugendliche und Erwachsene \u2013 f\u00fcr mehr Selbstvertrauen, Sicherheit und pers\u00f6nliche St\u00e4rke. geeignet f\u00fcr Anf\u00e4nger und auch f\u00fcr Fortgeschrittene. WARUM TK2D ACADEMY [&hellip;]<\/p>\n","protected":false},"author":2,"featured_media":0,"parent":0,"menu_order":0,"comment_status":"closed","ping_status":"closed","template":"","meta":{"om_disable_all_campaigns":false,"_monsterinsights_skip_tracking":false,"_monsterinsights_sitenote_active":false,"_monsterinsights_sitenote_note":"","_monsterinsights_sitenote_category":0,"footnotes":""},"class_list":["post-736","page","type-page","status-publish","hentry"],"aioseo_notices":[],"_links":{"self":[{"href":"https:\/\/www.tk2d-academy.de\/index.php\/wp-json\/wp\/v2\/pages\/736","targetHints":{"allow":["GET"]}}],"collection":[{"href":"https:\/\/www.tk2d-academy.de\/index.php\/wp-json\/wp\/v2\/pages"}],"about":[{"href":"https:\/\/www.tk2d-academy.de\/index.php\/wp-json\/wp\/v2\/types\/page"}],"author":[{"embeddable":true,"href":"https:\/\/www.tk2d-academy.de\/index.php\/wp-json\/wp\/v2\/users\/2"}],"replies":[{"embeddable":true,"href":"https:\/\/www.tk2d-academy.de\/index.php\/wp-json\/wp\/v2\/comments?post=736"}],"version-history":[{"count":7,"href":"https:\/\/www.tk2d-academy.de\/index.php\/wp-json\/wp\/v2\/pages\/736\/revisions"}],"predecessor-version":[{"id":751,"href":"https:\/\/www.tk2d-academy.de\/index.php\/wp-json\/wp\/v2\/pages\/736\/revisions\/751"}],"wp:attachment":[{"href":"https:\/\/www.tk2d-academy.de\/index.php\/wp-json\/wp\/v2\/media?parent=736"}],"curies":[{"name":"wp","href":"https:\/\/api.w.org\/{rel}","templated":true}]}}