{"id":53,"date":"2025-01-08T09:03:04","date_gmt":"2025-01-08T09:03:04","guid":{"rendered":"https:\/\/www.martinbarthel.de\/bastidemo\/?page_id=53"},"modified":"2025-01-08T14:57:43","modified_gmt":"2025-01-08T13:57:43","slug":"verein","status":"publish","type":"page","link":"https:\/\/www.tk2d-academy.de\/index.php\/verein\/","title":{"rendered":"Verein"},"content":{"rendered":"\n<p class=\"has-text-align-left\">Neben dem regul\u00e4ren Training beim SV Bad D\u00fcben wurden Workshops in artverwandten und artfremden Vereinen durchgef\u00fchrt. Zu den artverwandten Vereinen geh\u00f6ren unter Anderem der TSV Rackwitz oder auch die Taekwondo Gemeinschaft Krostitz. Artfremde Vereine aus dem sportlichen Bereich oder auch sozialen Bereich, wie z. B. Kinder- und Jugendeinrichtungen der Volkssolidarit\u00e4t, haben Workshops durch mich durchf\u00fchren lassen.<br><br>\u00dcber eine Anfrage bei der VHS des Landkreises Leipzig, durch eine Sportgruppe in K\u00fchren, fand eigens f\u00fcr die Damen ein Workshop statt. Die Perspektive der Teilnehmer kannst du dir gern <a href=\"https:\/\/sachsendorfwaeldgen.wordpress.com\/2024\/04\/10\/selbstverteidigung\/\">HIER<\/a> ansehen.<\/p>\n\n\n\n<p class=\"has-text-align-center\"><img fetchpriority=\"high\" decoding=\"async\" width=\"300\" height=\"400\" class=\"wp-image-157\" style=\"width: 300px;\" src=\"https:\/\/www.tk2d-academy.de\/wp-content\/uploads\/2025\/01\/Kuehren.webp\" alt=\"\" srcset=\"https:\/\/www.tk2d-academy.de\/wp-content\/uploads\/2025\/01\/Kuehren.webp 768w, https:\/\/www.tk2d-academy.de\/wp-content\/uploads\/2025\/01\/Kuehren-225x300.webp 225w\" sizes=\"(max-width: 300px) 100vw, 300px\" \/><\/p>\n\n\n\n<p class=\"has-text-align-left\">Ist das Interesse f\u00fcr deinen Verein oder deine Einrichtung geweckt?<br>Dann kontaktier mich gern. Meine Kontaktdaten findest du auf der Seite. Am liebsten ist mir eine schriftliche Kontaktaufnahme via Mail oder auch Whatsapp.<\/p>\n","protected":false},"excerpt":{"rendered":"<p>Neben dem regul\u00e4ren Training beim SV Bad D\u00fcben wurden Workshops in artverwandten und artfremden Vereinen durchgef\u00fchrt. Zu den artverwandten Vereinen geh\u00f6ren unter Anderem der TSV [&hellip;]<\/p>\n","protected":false},"author":2,"featured_media":0,"parent":0,"menu_order":0,"comment_status":"closed","ping_status":"closed","template":"","meta":{"om_disable_all_campaigns":false,"_monsterinsights_skip_tracking":false,"_monsterinsights_sitenote_active":false,"_monsterinsights_sitenote_note":"","_monsterinsights_sitenote_category":0,"footnotes":""},"class_list":["post-53","page","type-page","status-publish","hentry"],"aioseo_notices":[],"_links":{"self":[{"href":"https:\/\/www.tk2d-academy.de\/index.php\/wp-json\/wp\/v2\/pages\/53","targetHints":{"allow":["GET"]}}],"collection":[{"href":"https:\/\/www.tk2d-academy.de\/index.php\/wp-json\/wp\/v2\/pages"}],"about":[{"href":"https:\/\/www.tk2d-academy.de\/index.php\/wp-json\/wp\/v2\/types\/page"}],"author":[{"embeddable":true,"href":"https:\/\/www.tk2d-academy.de\/index.php\/wp-json\/wp\/v2\/users\/2"}],"replies":[{"embeddable":true,"href":"https:\/\/www.tk2d-academy.de\/index.php\/wp-json\/wp\/v2\/comments?post=53"}],"version-history":[{"count":4,"href":"https:\/\/www.tk2d-academy.de\/index.php\/wp-json\/wp\/v2\/pages\/53\/revisions"}],"predecessor-version":[{"id":159,"href":"https:\/\/www.tk2d-academy.de\/index.php\/wp-json\/wp\/v2\/pages\/53\/revisions\/159"}],"wp:attachment":[{"href":"https:\/\/www.tk2d-academy.de\/index.php\/wp-json\/wp\/v2\/media?parent=53"}],"curies":[{"name":"wp","href":"https:\/\/api.w.org\/{rel}","templated":true}]}}