{"id":51,"date":"2025-01-08T09:03:04","date_gmt":"2025-01-08T09:03:04","guid":{"rendered":"https:\/\/www.martinbarthel.de\/bastidemo\/?page_id=51"},"modified":"2026-01-20T10:28:58","modified_gmt":"2026-01-20T09:28:58","slug":"kita-schulangebote","status":"publish","type":"page","link":"https:\/\/www.tk2d-academy.de\/index.php\/kita-schulangebote\/","title":{"rendered":"Kita-Schulangebote"},"content":{"rendered":"\n<p><strong>Sch\u00fctze deine Kinder mit professionellen Selbstverteidigungskursen f\u00fcr Kinder und Jugendliche!<\/strong><\/p>\n\n\n\n<p>In unserer heutigen Zeit ist es wichtiger denn je, dass Kinder und Jugendliche lernen, sich selbst zu behaupten und aufmerksam zu sein. Die angepassten und abgestimmten Selbstverteidigungsangebote richten sich an die besonders schutzbed\u00fcrftigen Altersgruppen und finden bereits erfolgreich in Vorschulen, Horts und Kitas statt.<\/p>\n\n\n\n<p><strong>F\u00fcr eure Kinder:<\/strong><\/p>\n\n\n\n<ul class=\"wp-block-list\">\n<li><strong>Workshops<\/strong>: Flexible Kursl\u00e4ngen von 1\u00bd bis 3 Stunden, perfekt abgestimmt auf das Alter und die Bed\u00fcrfnisse der Teilnehmer.<\/li>\n\n\n\n<li><strong>Aufbauende Kurse<\/strong>: F\u00fcr kontinuierliches Training und Weiterentwicklung der erlernten F\u00e4higkeiten.<\/li>\n\n\n\n<li><strong>Ganztagsangebote und Projekttage<\/strong>: Intensivprogramme, die Selbstverteidigung in den Alltag integrieren. An dieser Stelle m\u00f6chte ich gern auch mein GTA an der <a href=\"https:\/\/ewsn.de\"><em><mark style=\"background-color:rgba(0, 0, 0, 0)\" class=\"has-inline-color has-vivid-cyan-blue-color\">Evangelischen Werkschule in Naundorf<\/mark><\/em><\/a> erw\u00e4hnen.<\/li>\n<\/ul>\n\n\n\n<p><strong>Die Schwerpunkte f\u00fcr Kinder:<\/strong><\/p>\n\n\n\n<ul class=\"wp-block-list\">\n<li><strong>Aufmerksamkeit und Selbstbehauptung<\/strong>: St\u00e4rkung des Selbstvertrauens und der eigenen Pr\u00e4senz.<\/li>\n\n\n\n<li><strong>Sicheres Verhalten in kritischen Situationen<\/strong>: Zum Beispiel, wie man sich verh\u00e4lt, wenn man von einem Auto aus angesprochen wird.<\/li>\n<\/ul>\n\n\n\n<p><strong>Einblicke aus der Praxis<\/strong> findest du u. A. auf der Website:<br>&#8211; <strong><a href=\"https:\/\/www.kindergarten-panitzsch.de\/portfolio\/selbstverteidigungskurs\/\"><mark style=\"background-color:rgba(0, 0, 0, 0)\" class=\"has-inline-color has-vivid-cyan-blue-color\">Parthenfl\u00f6he aus Panitzsch<\/mark><\/a><\/strong><br>&#8211; <strong><a href=\"https:\/\/www.drk-riesa.de\/aktuell\/presse-service\/meldung\/tolles-projekt-der-gesundheitsfoerderung-des-lk-meissen.html\"><mark style=\"background-color:rgba(0, 0, 0, 0)\" class=\"has-inline-color has-vivid-cyan-blue-color\">DRK Riesa<\/mark><\/a><\/strong>.<br><\/p>\n\n\n\n<p class=\"has-text-align-center\"><br><a href=\"https:\/\/www.kindergarten-panitzsch.de\/portfolio\/selbstverteidigungskurs\/\"><img fetchpriority=\"high\" decoding=\"async\" width=\"500\" height=\"428\" class=\"wp-image-188\" style=\"width: 500px;\" src=\"https:\/\/www.tk2d-academy.de\/wp-content\/uploads\/2025\/01\/Panitzsch-scaled.jpg\" alt=\"\" srcset=\"https:\/\/www.tk2d-academy.de\/wp-content\/uploads\/2025\/01\/Panitzsch-scaled.jpg 2560w, https:\/\/www.tk2d-academy.de\/wp-content\/uploads\/2025\/01\/Panitzsch-300x257.jpg 300w, https:\/\/www.tk2d-academy.de\/wp-content\/uploads\/2025\/01\/Panitzsch-1024x877.jpg 1024w, https:\/\/www.tk2d-academy.de\/wp-content\/uploads\/2025\/01\/Panitzsch-768x658.jpg 768w, https:\/\/www.tk2d-academy.de\/wp-content\/uploads\/2025\/01\/Panitzsch-1536x1316.jpg 1536w, https:\/\/www.tk2d-academy.de\/wp-content\/uploads\/2025\/01\/Panitzsch-2048x1754.jpg 2048w\" sizes=\"(max-width: 500px) 100vw, 500px\" \/><\/a><\/p>\n\n\n\n<p><strong>Warum Selbstverteidigung f\u00fcr Kinder?<\/strong><\/p>\n\n\n\n<ul class=\"wp-block-list\">\n<li>F\u00f6rdert k\u00f6rperliche Fitness und Koordination<\/li>\n\n\n\n<li>Entwickelt soziale Kompetenzen und Teamgeist<\/li>\n\n\n\n<li>Schafft ein Gef\u00fchl der Sicherheit, Achtsamkeit und Unabh\u00e4ngigkeit<\/li>\n<\/ul>\n\n\n\n<p>Es ist mir ein besonderes Anliegen, neben der Entwicklung dieser F\u00e4higkeiten auch zur pers\u00f6nlichen Entwicklung etwas beizutragen. \u00dcber Anfragen, Fragen und Anregungen freue ich mich sehr. Schreib mich an!<\/p>\n","protected":false},"excerpt":{"rendered":"<p>Sch\u00fctze deine Kinder mit professionellen Selbstverteidigungskursen f\u00fcr Kinder und Jugendliche! In unserer heutigen Zeit ist es wichtiger denn je, dass Kinder und Jugendliche lernen, sich [&hellip;]<\/p>\n","protected":false},"author":2,"featured_media":0,"parent":0,"menu_order":0,"comment_status":"closed","ping_status":"closed","template":"","meta":{"om_disable_all_campaigns":false,"_monsterinsights_skip_tracking":false,"_monsterinsights_sitenote_active":false,"_monsterinsights_sitenote_note":"","_monsterinsights_sitenote_category":0,"footnotes":""},"class_list":["post-51","page","type-page","status-publish","hentry"],"aioseo_notices":[],"_links":{"self":[{"href":"https:\/\/www.tk2d-academy.de\/index.php\/wp-json\/wp\/v2\/pages\/51","targetHints":{"allow":["GET"]}}],"collection":[{"href":"https:\/\/www.tk2d-academy.de\/index.php\/wp-json\/wp\/v2\/pages"}],"about":[{"href":"https:\/\/www.tk2d-academy.de\/index.php\/wp-json\/wp\/v2\/types\/page"}],"author":[{"embeddable":true,"href":"https:\/\/www.tk2d-academy.de\/index.php\/wp-json\/wp\/v2\/users\/2"}],"replies":[{"embeddable":true,"href":"https:\/\/www.tk2d-academy.de\/index.php\/wp-json\/wp\/v2\/comments?post=51"}],"version-history":[{"count":9,"href":"https:\/\/www.tk2d-academy.de\/index.php\/wp-json\/wp\/v2\/pages\/51\/revisions"}],"predecessor-version":[{"id":584,"href":"https:\/\/www.tk2d-academy.de\/index.php\/wp-json\/wp\/v2\/pages\/51\/revisions\/584"}],"wp:attachment":[{"href":"https:\/\/www.tk2d-academy.de\/index.php\/wp-json\/wp\/v2\/media?parent=51"}],"curies":[{"name":"wp","href":"https:\/\/api.w.org\/{rel}","templated":true}]}}