{"id":466,"date":"2025-08-13T14:44:03","date_gmt":"2025-08-13T12:44:03","guid":{"rendered":"https:\/\/www.tk2d-academy.de\/?page_id=466"},"modified":"2025-09-30T22:48:10","modified_gmt":"2025-09-30T20:48:10","slug":"planung-warteliste","status":"publish","type":"page","link":"https:\/\/www.tk2d-academy.de\/index.php\/planung-warteliste\/","title":{"rendered":"Planung\/Warteliste"},"content":{"rendered":"\n<figure class=\"wp-block-image size-full is-resized\"><img fetchpriority=\"high\" decoding=\"async\" width=\"1024\" height=\"1024\" src=\"https:\/\/www.tk2d-academy.de\/wp-content\/uploads\/2025\/08\/image-2.png\" alt=\"\" class=\"wp-image-495\" style=\"width:577px;height:auto\" srcset=\"https:\/\/www.tk2d-academy.de\/wp-content\/uploads\/2025\/08\/image-2.png 1024w, https:\/\/www.tk2d-academy.de\/wp-content\/uploads\/2025\/08\/image-2-300x300.png 300w, https:\/\/www.tk2d-academy.de\/wp-content\/uploads\/2025\/08\/image-2-150x150.png 150w, https:\/\/www.tk2d-academy.de\/wp-content\/uploads\/2025\/08\/image-2-768x768.png 768w\" sizes=\"(max-width: 1024px) 100vw, 1024px\" \/><\/figure>\n\n\n\n<p><\/p>\n\n\n\n<p>Aktuell ist das Angebot im Altersspektrum f\u00fcr Grundsch\u00fcler ausgebucht. Daher besteht die M\u00f6glichkeit sich auf eine Warteliste f\u00fcr den Dienstag oder Mittwoch zu setzen. Daf\u00fcr werden via E-Mail oder via WhatsApp-Nachricht folgende Angaben ben\u00f6tigt:<\/p>\n\n\n\n<p>\u2013 Name<br>\u2013 Vorname<br>\u2013 Geburtsdatum<br>\u2013 Wohnort<br>\u2013 E-Mail-Adresse<br>\u2013 Telefonnummer.<\/p>\n\n\n\n<p>Ebenso wird ein drittes Angebot f\u00fcr Kinder im Alter von 6 Jahren bis 12 Jahren stattfinden. Sobald ein Wochentag f\u00fcr die Durchf\u00fchrung feststeht, wird dieser selbstverst\u00e4ndlich bekanntgegeben. Bei Interesse hierzu, kann ebenso eine Nachricht via E-Mail oder via WhatsApp hinterlassen werden.<br><\/p>\n","protected":false},"excerpt":{"rendered":"<p>Aktuell ist das Angebot im Altersspektrum f\u00fcr Grundsch\u00fcler ausgebucht. Daher besteht die M\u00f6glichkeit sich auf eine Warteliste f\u00fcr den Dienstag oder Mittwoch zu setzen. Daf\u00fcr [&hellip;]<\/p>\n","protected":false},"author":2,"featured_media":0,"parent":0,"menu_order":0,"comment_status":"closed","ping_status":"closed","template":"","meta":{"om_disable_all_campaigns":false,"_monsterinsights_skip_tracking":false,"_monsterinsights_sitenote_active":false,"_monsterinsights_sitenote_note":"","_monsterinsights_sitenote_category":0,"footnotes":""},"class_list":["post-466","page","type-page","status-publish","hentry"],"aioseo_notices":[],"_links":{"self":[{"href":"https:\/\/www.tk2d-academy.de\/index.php\/wp-json\/wp\/v2\/pages\/466","targetHints":{"allow":["GET"]}}],"collection":[{"href":"https:\/\/www.tk2d-academy.de\/index.php\/wp-json\/wp\/v2\/pages"}],"about":[{"href":"https:\/\/www.tk2d-academy.de\/index.php\/wp-json\/wp\/v2\/types\/page"}],"author":[{"embeddable":true,"href":"https:\/\/www.tk2d-academy.de\/index.php\/wp-json\/wp\/v2\/users\/2"}],"replies":[{"embeddable":true,"href":"https:\/\/www.tk2d-academy.de\/index.php\/wp-json\/wp\/v2\/comments?post=466"}],"version-history":[{"count":3,"href":"https:\/\/www.tk2d-academy.de\/index.php\/wp-json\/wp\/v2\/pages\/466\/revisions"}],"predecessor-version":[{"id":570,"href":"https:\/\/www.tk2d-academy.de\/index.php\/wp-json\/wp\/v2\/pages\/466\/revisions\/570"}],"wp:attachment":[{"href":"https:\/\/www.tk2d-academy.de\/index.php\/wp-json\/wp\/v2\/media?parent=466"}],"curies":[{"name":"wp","href":"https:\/\/api.w.org\/{rel}","templated":true}]}}