{"id":465,"date":"2025-08-13T14:44:03","date_gmt":"2025-08-13T12:44:03","guid":{"rendered":"https:\/\/www.tk2d-academy.de\/?page_id=465"},"modified":"2026-01-20T10:39:35","modified_gmt":"2026-01-20T09:39:35","slug":"stretching-und-fitness","status":"publish","type":"page","link":"https:\/\/www.tk2d-academy.de\/index.php\/stretching-und-fitness\/","title":{"rendered":"Stretching und Fitness"},"content":{"rendered":"\n<figure class=\"wp-block-image size-full\"><img fetchpriority=\"high\" decoding=\"async\" width=\"940\" height=\"788\" src=\"https:\/\/www.tk2d-academy.de\/wp-content\/uploads\/2025\/09\/Stretching-September-2025.png\" alt=\"\" class=\"wp-image-551\" srcset=\"https:\/\/www.tk2d-academy.de\/wp-content\/uploads\/2025\/09\/Stretching-September-2025.png 940w, https:\/\/www.tk2d-academy.de\/wp-content\/uploads\/2025\/09\/Stretching-September-2025-300x251.png 300w, https:\/\/www.tk2d-academy.de\/wp-content\/uploads\/2025\/09\/Stretching-September-2025-768x644.png 768w\" sizes=\"(max-width: 940px) 100vw, 940px\" \/><\/figure>\n\n\n\n<p>Die&nbsp;<strong>TK2D-Academy<\/strong>&nbsp;ist im&nbsp;<strong>September<\/strong>&nbsp;mit w\u00f6chentlichen Kursen in moderner Selbstverteidigung, Selbstbehauptung und Bewegung \u2013 f\u00fcr Kinder, Jugendliche und Erwachsene gestartet. Neben Selbstverteidigung wird auch ein eine Stunde Stretching\/Mobilisierung\/Fitness angeboten. Hier wird gezielt das Wohlbefinden bei begleitender Musik gesteigert. Profitiere in diesem Angebot nicht nur in der Sporteinheit sondern auch f\u00fcr dein Wohlbefinden im Alltag! Gern helfe ich dir beim erreichen deiner Ziele.<br><br>Alle Kurse finden in&nbsp;<strong>Eilenburg-Ost<\/strong>&nbsp;statt \u2013 mit kleinen Gruppen, klarer Struktur und viel Herz.<br>\ud83d\udccd&nbsp;<strong>Ort:<\/strong>&nbsp;Jugendtreff&nbsp;<em>JUST<\/em>, Puschkinstra\u00dfe 30, 04838 Eilenburg-Ost<br>\ud83c\udd7f\ufe0f Ausreichend Parkpl\u00e4tze direkt vor Ort!<br><br><strong>-&gt;Immer Mittwoch&lt;-<br><\/strong>von 19 Uhr &#8211; 20 Uhr<\/p>\n\n\n\n<p>\ud83e\uddd8\u200d\u2642\ufe0f<strong> Stretching \u00b7 Mobilisierung \u00b7 Fitness \u2013 mit Musik<\/strong><br>G\u00f6nn deinem K\u00f6rper die Beweglichkeit, die er verdient!<br>\u2705 <strong>Gezieltes Stretching<\/strong> f\u00fcr mehr Beweglichkeit<br>\u2705 <strong>Mobilisierende \u00dcbungen<\/strong>, um Gelenke und Muskulatur geschmeidig zu halten<br>\u2705 <strong>Leichte Fitness-Elemente<\/strong>, um Kraft und Stabilit\u00e4t aufzubauen<br>\u2705 Alles begleitet von <strong>passender Musik<\/strong>, die dich motiviert und entspannt<br>Geeignet f\u00fcr Einsteiger, Eltern, Berufst\u00e4tige und Interessierte aller Altersgruppen.<br>(19:00 Uhr &#8211; 20:00 Uhr)<\/p>\n\n\n\n<p><strong>10er Karte<\/strong><br>Auch der Erwerb einer 10er Karte ist m\u00f6glich. Diese kann in der Academy f\u00fcr 120,00 Euro erworben werden. Wenn die von dieser Option gebrauch machen m\u00f6chtest, dann melde dich gern bei mir!<\/p>\n\n\n\n<p><br><a href=\"https:\/\/www.tk2d-academy.de\/wp-content\/uploads\/2025\/06\/Vertrag.pdf\">\ud83d\udcc4\u00a0<strong>Das Anmeldeformular findest du direkt HIER<\/strong><\/a><br>(F\u00fcr dieses Angebot fallen keine Anmeldegeb\u00fchren an)<br><br><a href=\"https:\/\/www.tk2d-academy.de\/wp-content\/uploads\/2025\/06\/Haftung-Bild-EV-Daten-EV.pdf\">\ud83d\udcc4\u00a0<strong>Einverst\u00e4ndnisse und Haftung<\/strong><\/a><br><\/p>\n\n\n\n<p>Bitte unterschrieben und ausgef\u00fcllt das Anmeldeformular und die Einverst\u00e4ndniserkl\u00e4rung mit Haftungsausschluss an <a href=\"mailto:Info@TK2D-Academy.de\">Info@TK2D-Academy.de<\/a> senden.<strong><br><\/strong><\/p>\n","protected":false},"excerpt":{"rendered":"<p>Die&nbsp;TK2D-Academy&nbsp;ist im&nbsp;September&nbsp;mit w\u00f6chentlichen Kursen in moderner Selbstverteidigung, Selbstbehauptung und Bewegung \u2013 f\u00fcr Kinder, Jugendliche und Erwachsene gestartet. Neben Selbstverteidigung wird auch ein eine Stunde Stretching\/Mobilisierung\/Fitness [&hellip;]<\/p>\n","protected":false},"author":2,"featured_media":0,"parent":0,"menu_order":0,"comment_status":"closed","ping_status":"closed","template":"","meta":{"om_disable_all_campaigns":false,"_monsterinsights_skip_tracking":false,"_monsterinsights_sitenote_active":false,"_monsterinsights_sitenote_note":"","_monsterinsights_sitenote_category":0,"footnotes":""},"class_list":["post-465","page","type-page","status-publish","hentry"],"aioseo_notices":[],"_links":{"self":[{"href":"https:\/\/www.tk2d-academy.de\/index.php\/wp-json\/wp\/v2\/pages\/465","targetHints":{"allow":["GET"]}}],"collection":[{"href":"https:\/\/www.tk2d-academy.de\/index.php\/wp-json\/wp\/v2\/pages"}],"about":[{"href":"https:\/\/www.tk2d-academy.de\/index.php\/wp-json\/wp\/v2\/types\/page"}],"author":[{"embeddable":true,"href":"https:\/\/www.tk2d-academy.de\/index.php\/wp-json\/wp\/v2\/users\/2"}],"replies":[{"embeddable":true,"href":"https:\/\/www.tk2d-academy.de\/index.php\/wp-json\/wp\/v2\/comments?post=465"}],"version-history":[{"count":5,"href":"https:\/\/www.tk2d-academy.de\/index.php\/wp-json\/wp\/v2\/pages\/465\/revisions"}],"predecessor-version":[{"id":669,"href":"https:\/\/www.tk2d-academy.de\/index.php\/wp-json\/wp\/v2\/pages\/465\/revisions\/669"}],"wp:attachment":[{"href":"https:\/\/www.tk2d-academy.de\/index.php\/wp-json\/wp\/v2\/media?parent=465"}],"curies":[{"name":"wp","href":"https:\/\/api.w.org\/{rel}","templated":true}]}}