{"id":464,"date":"2025-08-13T14:44:02","date_gmt":"2025-08-13T12:44:02","guid":{"rendered":"https:\/\/www.tk2d-academy.de\/?page_id=464"},"modified":"2026-01-20T10:16:15","modified_gmt":"2026-01-20T09:16:15","slug":"jugend-und-erwachsene","status":"publish","type":"page","link":"https:\/\/www.tk2d-academy.de\/index.php\/jugend-und-erwachsene\/","title":{"rendered":"Jugend und Erwachsene"},"content":{"rendered":"\n<figure class=\"wp-block-image size-full is-resized\"><img fetchpriority=\"high\" decoding=\"async\" width=\"1024\" height=\"1024\" src=\"https:\/\/www.tk2d-academy.de\/wp-content\/uploads\/2025\/08\/image-1.png\" alt=\"\" class=\"wp-image-483\" style=\"width:586px;height:auto\" srcset=\"https:\/\/www.tk2d-academy.de\/wp-content\/uploads\/2025\/08\/image-1.png 1024w, https:\/\/www.tk2d-academy.de\/wp-content\/uploads\/2025\/08\/image-1-300x300.png 300w, https:\/\/www.tk2d-academy.de\/wp-content\/uploads\/2025\/08\/image-1-150x150.png 150w, https:\/\/www.tk2d-academy.de\/wp-content\/uploads\/2025\/08\/image-1-768x768.png 768w\" sizes=\"(max-width: 1024px) 100vw, 1024px\" \/><\/figure>\n\n\n\n<p><\/p>\n\n\n\n<p>Die&nbsp;<strong>TK2D-Academy<\/strong>&nbsp;startet im&nbsp;<strong>September<\/strong>&nbsp;mit w\u00f6chentlichen Kursen in moderner Selbstverteidigung, Selbstbehauptung und Bewegung \u2013 f\u00fcr Kinder, Jugendliche und Erwachsene.<br>Alle Kurse finden in&nbsp;<strong>Eilenburg-Ost<\/strong>&nbsp;statt \u2013 mit kleinen Gruppen, klarer Struktur und viel Herz.<br>\ud83d\udccd&nbsp;<strong>Ort:<\/strong>&nbsp;Jugendtreff&nbsp;<em>JUST<\/em>, Puschkinstra\u00dfe 30, 04838 Eilenburg-Ost<br>\ud83c\udd7f\ufe0f Ausreichend Parkpl\u00e4tze direkt vor Ort!<br><br><strong>-&gt;Immer Mittwoch&lt;-<br><\/strong><br>\u26a0\ufe0f&nbsp;<strong>Hinweis:<\/strong>&nbsp;Ein Kurs findet nur statt, wenn sich&nbsp;<strong>ausreichend Teilnehmende<\/strong>&nbsp;verbindlich anmelden.<\/p>\n\n\n\n<p>\ud83d\udc65\u00a0<strong>Jugendliche &amp; Erwachsene (ab 13 Jahren)<\/strong><br>Realistische, moderne Selbstverteidigung (nach dem System\u00a0<strong>Taekwondo Defense \u2013 TKDD<\/strong>) f\u00fcr Alltag, Beruf und Freizeit. Kein Kampfsport \u2013 sondern praktische Techniken und mentale St\u00e4rke f\u00fcr echte Situationen.<br>Geeignet f\u00fcr Einsteiger, Eltern, Berufst\u00e4tige und Interessierte aller Altersgruppen.<br>(18:00 Uhr &#8211; 19:00 Uhr)<br><br><a href=\"https:\/\/www.tk2d-academy.de\/wp-content\/uploads\/2025\/06\/Vertrag.pdf\">\ud83d\udcc4\u00a0<strong>Das Anmeldeformular findest du direkt HIER<\/strong><\/a><br><br><a href=\"https:\/\/www.tk2d-academy.de\/wp-content\/uploads\/2025\/06\/Haftung-Bild-EV-Daten-EV.pdf\">\ud83d\udcc4\u00a0<strong>Einverst\u00e4ndnisse und Haftung<\/strong><\/a><br><br><a href=\"https:\/\/www.tk2d-academy.de\/wp-content\/uploads\/2025\/06\/Dojang_Ordnung_TK2D_Academy.pdf\"><strong>\ud83d\udcc4 Dojang-Ordnung<\/strong><\/a><br><br>Bitte unterschrieben und ausgef\u00fcllt das Anmeldeformular und die Einverst\u00e4ndniserkl\u00e4rung mit Haftungsausschluss an <a href=\"mailto:Info@TK2D-Academy.de\">Info@TK2D-Academy.de<\/a> senden.<\/p>\n","protected":false},"excerpt":{"rendered":"<p>Die&nbsp;TK2D-Academy&nbsp;startet im&nbsp;September&nbsp;mit w\u00f6chentlichen Kursen in moderner Selbstverteidigung, Selbstbehauptung und Bewegung \u2013 f\u00fcr Kinder, Jugendliche und Erwachsene.Alle Kurse finden in&nbsp;Eilenburg-Ost&nbsp;statt \u2013 mit kleinen Gruppen, klarer Struktur [&hellip;]<\/p>\n","protected":false},"author":2,"featured_media":0,"parent":0,"menu_order":0,"comment_status":"closed","ping_status":"closed","template":"","meta":{"om_disable_all_campaigns":false,"_monsterinsights_skip_tracking":false,"_monsterinsights_sitenote_active":false,"_monsterinsights_sitenote_note":"","_monsterinsights_sitenote_category":0,"footnotes":""},"class_list":["post-464","page","type-page","status-publish","hentry"],"aioseo_notices":[],"_links":{"self":[{"href":"https:\/\/www.tk2d-academy.de\/index.php\/wp-json\/wp\/v2\/pages\/464","targetHints":{"allow":["GET"]}}],"collection":[{"href":"https:\/\/www.tk2d-academy.de\/index.php\/wp-json\/wp\/v2\/pages"}],"about":[{"href":"https:\/\/www.tk2d-academy.de\/index.php\/wp-json\/wp\/v2\/types\/page"}],"author":[{"embeddable":true,"href":"https:\/\/www.tk2d-academy.de\/index.php\/wp-json\/wp\/v2\/users\/2"}],"replies":[{"embeddable":true,"href":"https:\/\/www.tk2d-academy.de\/index.php\/wp-json\/wp\/v2\/comments?post=464"}],"version-history":[{"count":3,"href":"https:\/\/www.tk2d-academy.de\/index.php\/wp-json\/wp\/v2\/pages\/464\/revisions"}],"predecessor-version":[{"id":535,"href":"https:\/\/www.tk2d-academy.de\/index.php\/wp-json\/wp\/v2\/pages\/464\/revisions\/535"}],"wp:attachment":[{"href":"https:\/\/www.tk2d-academy.de\/index.php\/wp-json\/wp\/v2\/media?parent=464"}],"curies":[{"name":"wp","href":"https:\/\/api.w.org\/{rel}","templated":true}]}}