{"id":463,"date":"2025-08-13T14:44:02","date_gmt":"2025-08-13T12:44:02","guid":{"rendered":"https:\/\/www.tk2d-academy.de\/?page_id=463"},"modified":"2026-01-20T10:19:13","modified_gmt":"2026-01-20T09:19:13","slug":"kinder","status":"publish","type":"page","link":"https:\/\/www.tk2d-academy.de\/index.php\/kinder\/","title":{"rendered":"Kinder"},"content":{"rendered":"<div class=\"wp-block-image\">\n<figure class=\"aligncenter size-full is-resized\"><img fetchpriority=\"high\" decoding=\"async\" width=\"1024\" height=\"1024\" src=\"https:\/\/www.tk2d-academy.de\/wp-content\/uploads\/2025\/08\/image.png\" alt=\"\" class=\"wp-image-482\" style=\"width:608px;height:auto\" srcset=\"https:\/\/www.tk2d-academy.de\/wp-content\/uploads\/2025\/08\/image.png 1024w, https:\/\/www.tk2d-academy.de\/wp-content\/uploads\/2025\/08\/image-300x300.png 300w, https:\/\/www.tk2d-academy.de\/wp-content\/uploads\/2025\/08\/image-150x150.png 150w, https:\/\/www.tk2d-academy.de\/wp-content\/uploads\/2025\/08\/image-768x768.png 768w\" sizes=\"(max-width: 1024px) 100vw, 1024px\" \/><\/figure>\n<\/div>\n\n\n<p><\/p>\n\n\n\n<p>Die&nbsp;<strong>TK2D-Academy<\/strong>&nbsp;startet im&nbsp;<strong>September<\/strong>&nbsp;mit w\u00f6chentlichen Kursen in moderner Selbstverteidigung, Selbstbehauptung und Bewegung \u2013 f\u00fcr Kinder, Jugendliche und Erwachsene.<br>Alle Kurse finden in&nbsp;<strong>Eilenburg-Ost<\/strong>&nbsp;statt \u2013 mit kleinen Gruppen, klarer Struktur und viel Herz.<br>\ud83d\udccd&nbsp;<strong>Ort:<\/strong>&nbsp;Jugendtreff&nbsp;<em>JUST<\/em>, Puschkinstra\u00dfe 30, 04838 Eilenburg-Ost<br>\ud83c\udd7f\ufe0f Ausreichend Parkpl\u00e4tze direkt vor Ort!<br><br><strong>-&gt;Immer Dienstag oder Mittwoch&lt;-<br><\/strong><\/p>\n\n\n\n<p>\ud83d\udee1\ufe0f&nbsp;<strong>Grundschulkinder (6\u201312 Jahre)<\/strong><br><strong>Selbstverteidigung steht im Mittelpunkt.<\/strong>&nbsp;Die Kinder lernen, wie sie Gefahrensituationen erkennen, sich behaupten und im Notfall sch\u00fctzen k\u00f6nnen \u2013 klar, altersgerecht und mit Respekt.<br>Achtsamkeit, K\u00f6rperbewusstsein und Bewegung erg\u00e4nzen das Training sinnvoll.<br>(17:00 Uhr &#8211; 18:00 Uhr)<\/p>\n\n\n\n<p><strong>ACHTUNG<\/strong> &#8211; Aktuell ist das Angebot f\u00fcr dieses Altersspektrum am Mittwoch ausgebucht. Im Januar 2026 startet ein neues Angebot f\u00fcr Kinder von 6 Jahre bis 12 Jahre. Dieses findet immer Dienstag von 18:00 Uhr bis 19:00 Uhr statt. Die Anmeldungen daf\u00fcr laufen!<br><br><a href=\"https:\/\/www.tk2d-academy.de\/wp-content\/uploads\/2025\/06\/Vertrag.pdf\">\ud83d\udcc4\u00a0<strong>Das Anmeldeformular findest du direkt HIER<\/strong><\/a><\/p>\n\n\n\n<p><a href=\"https:\/\/www.tk2d-academy.de\/wp-content\/uploads\/2025\/06\/Haftung-Bild-EV-Daten-EV.pdf\">\ud83d\udcc4&nbsp;<strong>Einverst\u00e4ndnisse und Haftung<\/strong><\/a><\/p>\n\n\n\n<p><a href=\"https:\/\/www.tk2d-academy.de\/wp-content\/uploads\/2025\/06\/Dojang_Ordnung_TK2D_Academy.pdf\"><strong>\ud83d\udcc4 Dojang-Ordnung<\/strong><\/a><\/p>\n\n\n\n<p>Bitte unterschrieben und ausgef\u00fcllt das Anmeldeformular und die Einverst\u00e4ndniserkl\u00e4rung mit Haftungsausschluss an <a href=\"mailto:Info@TK2D-Academy.de\">Info@TK2D-Academy.de<\/a> senden.<\/p>\n","protected":false},"excerpt":{"rendered":"<p>Die&nbsp;TK2D-Academy&nbsp;startet im&nbsp;September&nbsp;mit w\u00f6chentlichen Kursen in moderner Selbstverteidigung, Selbstbehauptung und Bewegung \u2013 f\u00fcr Kinder, Jugendliche und Erwachsene.Alle Kurse finden in&nbsp;Eilenburg-Ost&nbsp;statt \u2013 mit kleinen Gruppen, klarer Struktur [&hellip;]<\/p>\n","protected":false},"author":2,"featured_media":0,"parent":0,"menu_order":0,"comment_status":"closed","ping_status":"closed","template":"","meta":{"om_disable_all_campaigns":false,"_monsterinsights_skip_tracking":false,"_monsterinsights_sitenote_active":false,"_monsterinsights_sitenote_note":"","_monsterinsights_sitenote_category":0,"footnotes":""},"class_list":["post-463","page","type-page","status-publish","hentry"],"aioseo_notices":[],"_links":{"self":[{"href":"https:\/\/www.tk2d-academy.de\/index.php\/wp-json\/wp\/v2\/pages\/463","targetHints":{"allow":["GET"]}}],"collection":[{"href":"https:\/\/www.tk2d-academy.de\/index.php\/wp-json\/wp\/v2\/pages"}],"about":[{"href":"https:\/\/www.tk2d-academy.de\/index.php\/wp-json\/wp\/v2\/types\/page"}],"author":[{"embeddable":true,"href":"https:\/\/www.tk2d-academy.de\/index.php\/wp-json\/wp\/v2\/users\/2"}],"replies":[{"embeddable":true,"href":"https:\/\/www.tk2d-academy.de\/index.php\/wp-json\/wp\/v2\/comments?post=463"}],"version-history":[{"count":6,"href":"https:\/\/www.tk2d-academy.de\/index.php\/wp-json\/wp\/v2\/pages\/463\/revisions"}],"predecessor-version":[{"id":664,"href":"https:\/\/www.tk2d-academy.de\/index.php\/wp-json\/wp\/v2\/pages\/463\/revisions\/664"}],"wp:attachment":[{"href":"https:\/\/www.tk2d-academy.de\/index.php\/wp-json\/wp\/v2\/media?parent=463"}],"curies":[{"name":"wp","href":"https:\/\/api.w.org\/{rel}","templated":true}]}}