{"id":461,"date":"2025-08-13T14:44:01","date_gmt":"2025-08-13T12:44:01","guid":{"rendered":"https:\/\/www.tk2d-academy.de\/?page_id=461"},"modified":"2026-03-14T09:06:09","modified_gmt":"2026-03-14T08:06:09","slug":"bambinis","status":"publish","type":"page","link":"https:\/\/www.tk2d-academy.de\/index.php\/bambinis\/","title":{"rendered":"Bambinis"},"content":{"rendered":"<div class=\"wp-block-image\">\n<figure class=\"aligncenter size-large is-resized\"><img fetchpriority=\"high\" decoding=\"async\" width=\"1024\" height=\"1007\" src=\"https:\/\/www.tk2d-academy.de\/wp-content\/uploads\/2025\/08\/IMG_2860-1024x1007.jpeg\" alt=\"\" class=\"wp-image-479\" style=\"width:636px;height:auto\" srcset=\"https:\/\/www.tk2d-academy.de\/wp-content\/uploads\/2025\/08\/IMG_2860-1024x1007.jpeg 1024w, https:\/\/www.tk2d-academy.de\/wp-content\/uploads\/2025\/08\/IMG_2860-300x295.jpeg 300w, https:\/\/www.tk2d-academy.de\/wp-content\/uploads\/2025\/08\/IMG_2860-768x756.jpeg 768w, https:\/\/www.tk2d-academy.de\/wp-content\/uploads\/2025\/08\/IMG_2860.jpeg 1179w\" sizes=\"(max-width: 1024px) 100vw, 1024px\" \/><\/figure>\n<\/div>\n\n\n<p><\/p>\n\n\n\n<p>Die\u00a0<strong>TK2D-Academy<\/strong>\u00a0startet im\u00a0<strong>September<\/strong>\u00a0mit w\u00f6chentlichen Kursen in moderner Selbstverteidigung, Selbstbehauptung und Bewegung \u2013 f\u00fcr Kinder, Jugendliche und Erwachsene.<br>Alle Kurse finden in\u00a0<strong>Eilenburg-Ost<\/strong>\u00a0statt \u2013 mit kleinen Gruppen, klarer Struktur und viel Herz.<br>\ud83d\udccd\u00a0<strong>Ort:<\/strong>\u00a0Jugendtreff\u00a0<em>JUST<\/em>, Puschkinstra\u00dfe 30, 04838 Eilenburg-Ost<br>\ud83c\udd7f\ufe0f Ausreichend Parkpl\u00e4tze direkt vor Ort!<br><br><strong>->Immer Mittwoch&lt;-<\/strong><br><br>\u26a0\ufe0f\u00a0<strong>Hinweis:<\/strong>\u00a0Ein Kurs findet nur statt, wenn sich\u00a0<strong>ausreichend Teilnehmende<\/strong>\u00a0verbindlich anmelden.<br><br>\ud83d\udc3e\u00a0<strong>Bambini-Gruppe (3\u20136 Jahre)<\/strong><br>Hier steht\u00a0<strong>spielerische Bewegung<\/strong>\u00a0im Mittelpunkt. Die Kinder lernen, sich frei zu bewegen, ihren K\u00f6rper zu entdecken und mit anderen in Kontakt zu treten \u2013 ohne Druck, aber mit Struktur.<br>Ein sanfter Einstieg f\u00fcr Kita-Kinder und Vorsch\u00fcler.<br>(Mittwoch 16:00 Uhr &#8211; 16:45 Uhr)<br><br><a href=\"https:\/\/www.tk2d-academy.de\/wp-content\/uploads\/2025\/06\/Vertrag.pdf\">\ud83d\udcc4\u00a0<strong>Das Anmeldeformular findest du direkt HIER<\/strong><\/a><br><br><a href=\"https:\/\/www.tk2d-academy.de\/wp-content\/uploads\/2025\/06\/Haftung-Bild-EV-Daten-EV.pdf\">\ud83d\udcc4\u00a0<strong>Einverst\u00e4ndnisse und Haftung<\/strong><\/a><br><br><a href=\"https:\/\/www.tk2d-academy.de\/wp-content\/uploads\/2025\/06\/Dojang_Ordnung_TK2D_Academy.pdf\"><strong>\ud83d\udcc4 Dojang-Ordnung<\/strong><\/a><br><br>Bitte unterschrieben und ausgef\u00fcllt das Anmeldeformular und die Einverst\u00e4ndniserkl\u00e4rung mit Haftungsausschluss an <a href=\"mailto:Info@TK2D-Academy.de\">Info@TK2D-Academy.de<\/a> senden.<\/p>\n","protected":false},"excerpt":{"rendered":"<p>Die\u00a0TK2D-Academy\u00a0startet im\u00a0September\u00a0mit w\u00f6chentlichen Kursen in moderner Selbstverteidigung, Selbstbehauptung und Bewegung \u2013 f\u00fcr Kinder, Jugendliche und Erwachsene.Alle Kurse finden in\u00a0Eilenburg-Ost\u00a0statt \u2013 mit kleinen Gruppen, klarer Struktur [&hellip;]<\/p>\n","protected":false},"author":2,"featured_media":0,"parent":0,"menu_order":0,"comment_status":"closed","ping_status":"closed","template":"","meta":{"om_disable_all_campaigns":false,"_monsterinsights_skip_tracking":false,"_monsterinsights_sitenote_active":false,"_monsterinsights_sitenote_note":"","_monsterinsights_sitenote_category":0,"footnotes":""},"class_list":["post-461","page","type-page","status-publish","hentry"],"aioseo_notices":[],"_links":{"self":[{"href":"https:\/\/www.tk2d-academy.de\/index.php\/wp-json\/wp\/v2\/pages\/461","targetHints":{"allow":["GET"]}}],"collection":[{"href":"https:\/\/www.tk2d-academy.de\/index.php\/wp-json\/wp\/v2\/pages"}],"about":[{"href":"https:\/\/www.tk2d-academy.de\/index.php\/wp-json\/wp\/v2\/types\/page"}],"author":[{"embeddable":true,"href":"https:\/\/www.tk2d-academy.de\/index.php\/wp-json\/wp\/v2\/users\/2"}],"replies":[{"embeddable":true,"href":"https:\/\/www.tk2d-academy.de\/index.php\/wp-json\/wp\/v2\/comments?post=461"}],"version-history":[{"count":4,"href":"https:\/\/www.tk2d-academy.de\/index.php\/wp-json\/wp\/v2\/pages\/461\/revisions"}],"predecessor-version":[{"id":775,"href":"https:\/\/www.tk2d-academy.de\/index.php\/wp-json\/wp\/v2\/pages\/461\/revisions\/775"}],"wp:attachment":[{"href":"https:\/\/www.tk2d-academy.de\/index.php\/wp-json\/wp\/v2\/media?parent=461"}],"curies":[{"name":"wp","href":"https:\/\/api.w.org\/{rel}","templated":true}]}}