{"id":362,"date":"2025-06-20T10:30:43","date_gmt":"2025-06-20T08:30:43","guid":{"rendered":"https:\/\/www.tk2d-academy.de\/?page_id=362"},"modified":"2026-01-20T11:58:01","modified_gmt":"2026-01-20T10:58:01","slug":"partner","status":"publish","type":"page","link":"https:\/\/www.tk2d-academy.de\/index.php\/partner\/","title":{"rendered":"Partner"},"content":{"rendered":"\n<p><strong>JSU Immobilien GmbH<\/strong><br>Danke an meinen Werbepartner JSU Immobilien GmbH &#8211; Ansprechpartner f\u00fcr Immobilien in Eilenburg und Umgebung.<\/p>\n\n\n\n<p><strong><a href=\"https:\/\/ewsn.de\"><mark style=\"background-color:rgba(0, 0, 0, 0)\" class=\"has-inline-color has-vivid-cyan-blue-color\">Evangelische Werkschule Naundorf<\/mark><\/a><\/strong><br>Als Auftragnehmer im Bereich GTA bin ich f\u00fcr die Evangelische Werkschule in Naundorf t\u00e4tig und darf 20 Kinder das Thema Selbstverteidigung n\u00e4her bringen.<\/p>\n\n\n\n<p><strong><a href=\"https:\/\/www.mein-lieblingsmaler.de\" target=\"_blank\" rel=\"noopener\" title=\"\"><mark style=\"background-color:rgba(0, 0, 0, 0)\" class=\"has-inline-color has-vivid-cyan-blue-color\">Mein Lieblingsmaler&#8230;<\/mark><br><\/a><\/strong>&#8230;k\u00f6nnte auch dein Lieblingsmaler werden, hier im Gro\u00dfraum Leipzig und Nordsachsen.<\/p>\n\n\n\n<figure class=\"wp-block-image size-full\"><a href=\"https:\/\/www.mein-lieblingsmaler.de\"><img fetchpriority=\"high\" decoding=\"async\" width=\"679\" height=\"210\" src=\"https:\/\/www.tk2d-academy.de\/wp-content\/uploads\/2026\/01\/Bild-20.01.26-um-10.50.jpg\" alt=\"\" class=\"wp-image-720\" srcset=\"https:\/\/www.tk2d-academy.de\/wp-content\/uploads\/2026\/01\/Bild-20.01.26-um-10.50.jpg 679w, https:\/\/www.tk2d-academy.de\/wp-content\/uploads\/2026\/01\/Bild-20.01.26-um-10.50-300x93.jpg 300w\" sizes=\"(max-width: 679px) 100vw, 679px\" \/><\/a><\/figure>\n","protected":false},"excerpt":{"rendered":"<p>JSU Immobilien GmbHDanke an meinen Werbepartner JSU Immobilien GmbH &#8211; Ansprechpartner f\u00fcr Immobilien in Eilenburg und Umgebung. Evangelische Werkschule NaundorfAls Auftragnehmer im Bereich GTA bin [&hellip;]<\/p>\n","protected":false},"author":1,"featured_media":0,"parent":0,"menu_order":0,"comment_status":"closed","ping_status":"closed","template":"","meta":{"om_disable_all_campaigns":false,"_monsterinsights_skip_tracking":false,"_monsterinsights_sitenote_active":false,"_monsterinsights_sitenote_note":"","_monsterinsights_sitenote_category":0,"footnotes":""},"class_list":["post-362","page","type-page","status-publish","hentry"],"aioseo_notices":[],"_links":{"self":[{"href":"https:\/\/www.tk2d-academy.de\/index.php\/wp-json\/wp\/v2\/pages\/362","targetHints":{"allow":["GET"]}}],"collection":[{"href":"https:\/\/www.tk2d-academy.de\/index.php\/wp-json\/wp\/v2\/pages"}],"about":[{"href":"https:\/\/www.tk2d-academy.de\/index.php\/wp-json\/wp\/v2\/types\/page"}],"author":[{"embeddable":true,"href":"https:\/\/www.tk2d-academy.de\/index.php\/wp-json\/wp\/v2\/users\/1"}],"replies":[{"embeddable":true,"href":"https:\/\/www.tk2d-academy.de\/index.php\/wp-json\/wp\/v2\/comments?post=362"}],"version-history":[{"count":6,"href":"https:\/\/www.tk2d-academy.de\/index.php\/wp-json\/wp\/v2\/pages\/362\/revisions"}],"predecessor-version":[{"id":724,"href":"https:\/\/www.tk2d-academy.de\/index.php\/wp-json\/wp\/v2\/pages\/362\/revisions\/724"}],"wp:attachment":[{"href":"https:\/\/www.tk2d-academy.de\/index.php\/wp-json\/wp\/v2\/media?parent=362"}],"curies":[{"name":"wp","href":"https:\/\/api.w.org\/{rel}","templated":true}]}}