{"id":338,"date":"2025-06-18T11:52:51","date_gmt":"2025-06-18T09:52:51","guid":{"rendered":"https:\/\/www.tk2d-academy.de\/?page_id=338"},"modified":"2026-01-20T10:14:04","modified_gmt":"2026-01-20T09:14:04","slug":"die-academy","status":"publish","type":"page","link":"https:\/\/www.tk2d-academy.de\/index.php\/die-academy\/","title":{"rendered":"Die Academy"},"content":{"rendered":"<div class=\"wp-block-image\">\n<figure class=\"aligncenter size-large is-resized\"><img fetchpriority=\"high\" decoding=\"async\" width=\"1024\" height=\"768\" src=\"https:\/\/www.tk2d-academy.de\/wp-content\/uploads\/2026\/01\/IMG_4535-1024x768.jpeg\" alt=\"\" class=\"wp-image-692\" style=\"width:572px;height:auto\" srcset=\"https:\/\/www.tk2d-academy.de\/wp-content\/uploads\/2026\/01\/IMG_4535-1024x768.jpeg 1024w, https:\/\/www.tk2d-academy.de\/wp-content\/uploads\/2026\/01\/IMG_4535-300x225.jpeg 300w, https:\/\/www.tk2d-academy.de\/wp-content\/uploads\/2026\/01\/IMG_4535-768x576.jpeg 768w, https:\/\/www.tk2d-academy.de\/wp-content\/uploads\/2026\/01\/IMG_4535-1536x1152.jpeg 1536w, https:\/\/www.tk2d-academy.de\/wp-content\/uploads\/2026\/01\/IMG_4535-2048x1536.jpeg 2048w\" sizes=\"(max-width: 1024px) 100vw, 1024px\" \/><figcaption class=\"wp-element-caption\">Ein kleiner Blick in die R\u00e4umlichkeit<br><br><strong>\ud83e\udd4b Starte deine Reise in der Academy \u2013 Melde dich jetzt an<\/strong><br><br>Die\u00a0<strong>TK2D-Academy<\/strong>\u00a0startete mit\u00a0<strong>September<\/strong> 2025 w\u00f6chentliche Kursen in moderner Selbstverteidigung, Selbstbehauptung und Bewegung \u2013 f\u00fcr Kinder, Jugendliche und Erwachsene.<br>Alle Kurse finden in\u00a0<strong>Eilenburg-Ost<\/strong>\u00a0statt \u2013 mit kleinen Gruppen, klarer Struktur und viel Herz.<br>\ud83d\udccd\u00a0<strong>Ort:<\/strong>\u00a0Jugendtreff\u00a0<em>JUST<\/em>, Puschkinstra\u00dfe 30, 04838 Eilenburg-Ost<br>\ud83c\udd7f\ufe0f Ausreichend Parkpl\u00e4tze direkt vor Ort!<br><br><br><a href=\"https:\/\/www.tk2d-academy.de\/index.php\/bambinis\/\" data-type=\"link\" data-id=\"https:\/\/www.tk2d-academy.de\/index.php\/bambinis\/\"><strong><em><mark style=\"background-color:rgba(0, 0, 0, 0)\" class=\"has-inline-color has-vivid-cyan-blue-color\">\ud83d\udc3e\u00a0Bambini-Gruppe (3\u20136 Jahre)<\/mark><\/em><\/strong><br><\/a><br>Hier steht\u00a0<strong>spielerische Bewegung<\/strong>\u00a0im Mittelpunkt. Die Kinder lernen, sich frei zu bewegen, ihren K\u00f6rper zu entdecken und mit anderen in Kontakt zu treten \u2013 ohne Druck, aber mit Struktur.<br>Ein sanfter Einstieg f\u00fcr Kita-Kinder und Vorsch\u00fcler.<br>(16:00 Uhr &#8211; 16:45 Uhr Mittwoch)<br><br><br><strong><em><a href=\"https:\/\/www.tk2d-academy.de\/index.php\/kinder\/\" data-type=\"page\" data-id=\"463\"><mark style=\"background-color:rgba(0, 0, 0, 0)\" class=\"has-inline-color has-vivid-cyan-blue-color\">\ud83d\udee1\ufe0f\u00a0Grundschulkinder (6\u201312 Jahre)<\/mark><\/a><\/em><\/strong><br><br><strong>Selbstverteidigung steht im Mittelpunkt.<\/strong>\u00a0Die Kinder lernen, wie sie Gefahrensituationen erkennen, sich behaupten und im Notfall sch\u00fctzen k\u00f6nnen \u2013 klar, altersgerecht und mit Respekt.<br>Achtsamkeit, K\u00f6rperbewusstsein und Bewegung erg\u00e4nzen das Training sinnvoll.<br>(17:00 Uhr &#8211; 18:00 Uhr Dienstag oder Mittwoch)<br><br><br><strong><em><a href=\"https:\/\/www.tk2d-academy.de\/index.php\/jugend-und-erwachsene\/\" data-type=\"page\" data-id=\"464\"><mark style=\"background-color:rgba(0, 0, 0, 0)\" class=\"has-inline-color has-vivid-cyan-blue-color\">\ud83d\udcaa\u00a0(Pre)Teen<\/mark><\/a><\/em><\/strong><a href=\"https:\/\/www.tk2d-academy.de\/index.php\/jugend-und-erwachsene\/\" data-type=\"page\" data-id=\"464\"><strong><em><mark style=\"background-color:rgba(0, 0, 0, 0)\" class=\"has-inline-color has-vivid-cyan-blue-color\">s<\/mark><\/em><\/strong><\/a><br>Selbstsicher. Stark. Klar im Kopf.<br>In dieser Gruppe lernen (Pre)Teens, wie sie in schwierigen oder bedrohlichen Situationen ruhig bleiben, Grenzen setzen und sich im Notfall verteidigen k\u00f6nnen.<br>Im Mittelpunkt stehen realistische Selbstverteidigungstechniken (angelehnt an das TKDD-System), kombiniert mit mentaler St\u00e4rke, K\u00f6rpersprache und Teamgef\u00fchl.<br>Wir f\u00f6rdern Selbstvertrauen, Achtsamkeit und Verantwortung \u2013 ohne Druck, aber mit Respekt und echtem Training f\u00fcrs Leben.<br>(18:00 Uhr &#8211; 19:00 Uhr Dienstag)<br><br><br><a href=\"https:\/\/www.tk2d-academy.de\/index.php\/jugend-und-erwachsene\/\" data-type=\"page\" data-id=\"464\"><strong><mark style=\"background-color:rgba(0, 0, 0, 0)\" class=\"has-inline-color has-vivid-cyan-blue-color\">\ud83d\udc65\u00a0Jugendliche &amp; Erwachsene (ab 13 Jahren)<\/mark><br><\/strong><\/a><br>Realistische, moderne Selbstverteidigung (nach dem System\u00a0<strong>Taekwondo Defense \u2013 TKDD<\/strong>) f\u00fcr Alltag, Beruf und Freizeit. Kein Kampfsport \u2013 sondern praktische Techniken und mentale St\u00e4rke f\u00fcr echte Situationen.<br>Geeignet f\u00fcr Einsteiger, Eltern, Berufst\u00e4tige und alle weiteren Interessenten.<br>(18:00 Uhr &#8211; 19:00 Uhr Mittwoch)<br><\/figcaption><\/figure>\n<\/div>\n\n\n<p class=\"has-text-align-center\"><a href=\"https:\/\/www.tk2d-academy.de\/index.php\/stretching-und-fitness\/\" data-type=\"page\" data-id=\"465\"><mark style=\"background-color:rgba(0, 0, 0, 0)\" class=\"has-inline-color has-vivid-cyan-blue-color\"><em>\ud83e\uddd8\u200d\u2642\ufe0f<strong>Stretching \u00b7 Mobilisierung \u00b7 Fitness \u2013 mit Musik<\/strong><\/em><\/mark><\/a><br>G\u00f6nn deinem K\u00f6rper die Beweglichkeit, die er verdient!<br>\u2705 <strong>Gezieltes Stretching<\/strong> f\u00fcr mehr Beweglichkeit<br>\u2705 <strong>Mobilisierende \u00dcbungen<\/strong>, um Gelenke und Muskulatur geschmeidig zu halten<br>\u2705 <strong>Leichte Fitness-Elemente<\/strong>, um Kraft und Stabilit\u00e4t aufzubauen<br>\u2705 Alles begleitet von <strong>passender Musik<\/strong>, die dich motiviert und entspannt<br>Geeignet f\u00fcr Einsteiger, Eltern, Berufst\u00e4tige und Interessierte aller Altersgruppen.<br>(19:00 Uhr &#8211; 20:00 Uhr Mittwoch)<br><br><br>Sollte ein Angebot ausgebucht sein, dann bitte folgenden Link nutzen -><br><strong><em><a href=\"https:\/\/www.tk2d-academy.de\/index.php\/planung-warteliste\/\"><mark style=\"background-color:rgba(0, 0, 0, 0)\" class=\"has-inline-color has-vivid-cyan-blue-color\">Zur Anmeldung f\u00fcr die Warteliste oder k\u00fcnftigen Angebote<\/mark><\/a><\/em><br><\/strong><\/p>\n\n\n\n<p><\/p>\n\n\n\n<p><\/p>\n\n\n\n<p><\/p>\n\n\n\n<p><\/p>\n","protected":false},"excerpt":{"rendered":"<p>\ud83e\uddd8\u200d\u2642\ufe0fStretching \u00b7 Mobilisierung \u00b7 Fitness \u2013 mit MusikG\u00f6nn deinem K\u00f6rper die Beweglichkeit, die er verdient!\u2705 Gezieltes Stretching f\u00fcr mehr Beweglichkeit\u2705 Mobilisierende \u00dcbungen, um Gelenke und [&hellip;]<\/p>\n","protected":false},"author":2,"featured_media":0,"parent":0,"menu_order":0,"comment_status":"closed","ping_status":"closed","template":"","meta":{"om_disable_all_campaigns":false,"_monsterinsights_skip_tracking":false,"_monsterinsights_sitenote_active":false,"_monsterinsights_sitenote_note":"","_monsterinsights_sitenote_category":0,"footnotes":""},"class_list":["post-338","page","type-page","status-publish","hentry"],"aioseo_notices":[],"_links":{"self":[{"href":"https:\/\/www.tk2d-academy.de\/index.php\/wp-json\/wp\/v2\/pages\/338","targetHints":{"allow":["GET"]}}],"collection":[{"href":"https:\/\/www.tk2d-academy.de\/index.php\/wp-json\/wp\/v2\/pages"}],"about":[{"href":"https:\/\/www.tk2d-academy.de\/index.php\/wp-json\/wp\/v2\/types\/page"}],"author":[{"embeddable":true,"href":"https:\/\/www.tk2d-academy.de\/index.php\/wp-json\/wp\/v2\/users\/2"}],"replies":[{"embeddable":true,"href":"https:\/\/www.tk2d-academy.de\/index.php\/wp-json\/wp\/v2\/comments?post=338"}],"version-history":[{"count":33,"href":"https:\/\/www.tk2d-academy.de\/index.php\/wp-json\/wp\/v2\/pages\/338\/revisions"}],"predecessor-version":[{"id":700,"href":"https:\/\/www.tk2d-academy.de\/index.php\/wp-json\/wp\/v2\/pages\/338\/revisions\/700"}],"wp:attachment":[{"href":"https:\/\/www.tk2d-academy.de\/index.php\/wp-json\/wp\/v2\/media?parent=338"}],"curies":[{"name":"wp","href":"https:\/\/api.w.org\/{rel}","templated":true}]}}