{"id":146,"date":"2025-01-08T14:05:07","date_gmt":"2025-01-08T13:05:07","guid":{"rendered":"https:\/\/www.tk2d-academy.de\/?page_id=146"},"modified":"2025-01-08T14:13:47","modified_gmt":"2025-01-08T13:13:47","slug":"gaestebuch-feedback","status":"publish","type":"page","link":"https:\/\/www.tk2d-academy.de\/index.php\/gaestebuch-feedback\/","title":{"rendered":"G\u00e4stebuch\/Feedback"},"content":{"rendered":"\n<p><br><br><em>Hier bekommst du die Gelegenheit mir ein Feedback zu schreiben. Vielleicht hast du ja mal einen Kurs oder Workshop von mir besucht. Ich freue mich allerdings auch \u00fcber nette Eintr\u00e4ge, wenn wir noch nicht zusammen trainiert haben.<\/em><\/p>\n\n\n\n<div class=\"gwolle-gb\"><div class=\"gwolle-gb-messages-top-container\"><\/div>\n\t\t\t<div class=\"gwolle-gb-write-button\">\n\t\t\t\t<input type=\"button\" name=\"gwolle-gb-write-button\" class=\"button btn btn-default \" value=\"Neuen Eintrag schreiben\" aria-expanded=\"false\" \/>\n\t\t\t<\/div>\n\t\t\t<form action=\"#\" method=\"POST\" class=\"gwolle-gb-write gwolle-gb-hide gwolle-gb-float gwolle-gb-form-ajax gwolle-gb-ajax gwolle-gb-not-logged-in\">\n\t\t\t\t<h3>Einen neuen Eintrag f\u00fcr das G\u00e4stebuch schreiben<\/h3>\n\t\t\t\t<button type=\"button\" class=\"gb-notice-dismiss\">x<span class=\"screen-reader-text\">Dieses Formular ausblenden<\/span><\/button>\n\t\t\t\n\t\t\t\t<input type=\"hidden\" name=\"gwolle_gb_function\" class=\"gwolle_gb_function\" value=\"add_entry\" \/><input type=\"hidden\" name=\"gwolle_gb_book_id\" class=\"gwolle_gb_book_id\" value=\"1\" \/><div class=\"gwolle_gb_ea2e0cd11477a0f1a0edac27df9de713\">\n\t\t\t\t<div class=\"label\"><label for=\"gwolle_gb_ea2e0cd11477a0f1a0edac27df9de713-1\" class=\"text-info\">Name <span class=\"required\">*<\/span><\/label><\/div>\n\t\t\t\t<div class=\"input\"><input class=\"wp-exclude-emoji gwolle_gb_ea2e0cd11477a0f1a0edac27df9de713\" value=\"\" type=\"text\" id=\"gwolle_gb_ea2e0cd11477a0f1a0edac27df9de713-1\" name=\"gwolle_gb_ea2e0cd11477a0f1a0edac27df9de713\" required \/><\/div>\n\t\t\t\t<div class=\"clearBoth\">&nbsp;<\/div>\n\t\t\t<\/div><div class=\"gwolle_gb_b3c51a9ff8b038302a94a7a03a712320\">\n\t\t\t\t\t<div class=\"label\"><label for=\"gwolle_gb_b3c51a9ff8b038302a94a7a03a712320-1\" class=\"text-info\">Stadt<\/label><\/div>\n\t\t\t\t\t<div class=\"input\"><input class=\"wp-exclude-emoji gwolle_gb_b3c51a9ff8b038302a94a7a03a712320\" value=\"\" type=\"text\" id=\"gwolle_gb_b3c51a9ff8b038302a94a7a03a712320-1\" name=\"gwolle_gb_b3c51a9ff8b038302a94a7a03a712320\" \/><\/div>\n\t\t\t\t\t<div class=\"clearBoth\">&nbsp;<\/div>\n\t\t\t\t<\/div><div class=\"gwolle_gb_2ebf9960f52391608db8349aa1002981\">\n\t\t\t\t<div class=\"label\"><label for=\"gwolle_gb_2ebf9960f52391608db8349aa1002981-1\" class=\"text-info\">E-Mail<\/label><\/div>\n\t\t\t\t<div class=\"input\"><input class=\"gwolle_gb_2ebf9960f52391608db8349aa1002981\" value=\"\" type=\"email\" id=\"gwolle_gb_2ebf9960f52391608db8349aa1002981-1\" name=\"gwolle_gb_2ebf9960f52391608db8349aa1002981\" \/><\/div>\n\t\t\t\t<div class=\"clearBoth\">&nbsp;<\/div>\n\t\t\t<\/div><div class=\"gwolle_gb_5ac7fe6f1b8afd108ef856fa0e4dedac\">\n\t\t\t\t<div class=\"label\"><label for=\"gwolle_gb_5ac7fe6f1b8afd108ef856fa0e4dedac-1\" class=\"text-info\">Website<\/label><\/div>\n\t\t\t\t<div class=\"input\"><input class=\"gwolle_gb_5ac7fe6f1b8afd108ef856fa0e4dedac\" value=\"\" type=\"url\" id=\"gwolle_gb_5ac7fe6f1b8afd108ef856fa0e4dedac-1\" name=\"gwolle_gb_5ac7fe6f1b8afd108ef856fa0e4dedac\" \/><\/div>\n\t\t\t\t<div class=\"clearBoth\">&nbsp;<\/div>\n\t\t\t<\/div>\n\t\t\t<div class=\"gwolle_gb_f5e61d694d25bef9e2a0570d0b94c034\" style=\"display:none;overflow:hidden;\" hidden=\"true\" aria-hidden=\"true\">\n\t\t\t\t<div class=\"label\">\n\t\t\t\t\t<label for=\"gwolle_gb_f5e61d694d25bef9e2a0570d0b94c034-1\" class=\"text-primary\">Hier nichts eingeben<\/label>\n\t\t\t\t\t<label for=\"gwolle_gb_8e38553872ff5b4e61ccd6f5513f0abc-1\" class=\"text-primary\">Hier nichts eingeben<\/label>\n\t\t\t\t<\/div>\n\t\t\t\t<div class=\"input\">\n\t\t\t\t\t<input value=\"15\" type=\"text\" id=\"gwolle_gb_f5e61d694d25bef9e2a0570d0b94c034-1\" name=\"gwolle_gb_f5e61d694d25bef9e2a0570d0b94c034\" class=\"gwolle_gb_f5e61d694d25bef9e2a0570d0b94c034\" style=\"transform: translateY(10000px);\" \/>\n\t\t\t\t\t<input value=\"\" type=\"text\" name=\"gwolle_gb_8e38553872ff5b4e61ccd6f5513f0abc\" id=\"gwolle_gb_8e38553872ff5b4e61ccd6f5513f0abc-1\" class=\"gwolle_gb_8e38553872ff5b4e61ccd6f5513f0abc\" style=\"transform: translateY(10000px);\" \/>\n\t\t\t\t<\/div>\n\t\t\t\t<div class=\"clearBoth\"><\/div>\n\t\t\t<\/div>\n\t\t\t<div class=\"gwolle_gb_d790fd668e003a6f957395817eb9b0ed\" style=\"display:none;overflow:hidden;\" hidden=\"true\" aria-hidden=\"true\">\n\t\t\t\t<div class=\"label\">\n\t\t\t\t\t<label for=\"gwolle_gb_d790fd668e003a6f957395817eb9b0ed-1\" class=\"text-primary\">Hier nichts eingeben<\/label>\n\t\t\t\t\t<label for=\"gwolle_gb_570757a2a3d22b8bb0d8042de82a61b5-1\" class=\"text-primary\">Hier nichts eingeben<\/label>\n\t\t\t\t<\/div>\n\t\t\t\t<div class=\"input\">\n\t\t\t\t\t<input value=\"43173\" type=\"text\" id=\"gwolle_gb_d790fd668e003a6f957395817eb9b0ed-1\" name=\"gwolle_gb_d790fd668e003a6f957395817eb9b0ed\" class=\"gwolle_gb_d790fd668e003a6f957395817eb9b0ed\" style=\"transform: translateY(10000px);\" \/>\n\t\t\t\t\t<input value=\"43173\" type=\"text\"id=\"gwolle_gb_570757a2a3d22b8bb0d8042de82a61b5-1\" name=\"gwolle_gb_570757a2a3d22b8bb0d8042de82a61b5\" class=\"gwolle_gb_570757a2a3d22b8bb0d8042de82a61b5\" style=\"transform: translateY(10000px);\" \/>\n\t\t\t\t<\/div>\n\t\t\t\t<div class=\"clearBoth\"><\/div>\n\t\t\t<\/div><div class=\"gwolle_gb_content\">\n\t\t\t\t<div class=\"label\"><label for=\"gwolle_gb_content-1\" class=\"text-info\">G\u00e4stebucheintrag <span class=\"required\">*<\/span><\/label><\/div>\n\t\t\t\t<div class=\"input\"><textarea id=\"gwolle_gb_content-1\" name=\"gwolle_gb_content\" class=\"gwolle_gb_content wp-exclude-emoji\" required ><\/textarea><\/div>\n\t\t\t\t\t<div class=\"clearBoth\">&nbsp;<\/div>\n\t\t\t\t<\/div><input type=\"hidden\" class=\"gwolle_gb_ac25e1bd849834da1b64e9222d3172e8\" id=\"gwolle_gb_ac25e1bd849834da1b64e9222d3172e8-1\" name=\"gwolle_gb_ac25e1bd849834da1b64e9222d3172e8\" value=\"0722616f40\" \/>\n\t\t\t<div class=\"gwolle-gb-messages-bottom-container\"><\/div>\n\n\t\t\t<noscript><div class=\"no-js\">Warnung: Dieses Formular kann nur verwendet werden, wenn in deinem Browser JavaScript aktiviert ist.<\/div><\/noscript>\n\n\t\t\t<div class=\"gwolle_gb_submit gwolle-gb-submit\">\n\t\t\t\t<div class=\"label gwolle-gb-invisible text-muted\">&nbsp;<\/div>\n\t\t\t\t<div class=\"input\">\n\t\t\t\t\t<input type=\"submit\" name=\"gwolle_gb_submit\" class=\"gwolle_gb_submit button btn btn-primary \" value=\"Absenden\" \/>\n\t\t\t\t\t<span class=\"gwolle_gb_submit_ajax_icon gwolle-gb-submit-ajax-icon\"><\/span>\n\t\t\t\n\t\t\t\t<\/div>\n\t\t\t\t<div class=\"clearBoth\">&nbsp;<\/div>\n\t\t\t<\/div>\n\n\t\t\t<div class=\"gwolle_gb_notice gwolle-gb-notice\">\n\t\t\t\tMit * gekennzeichnete Felder sind erforderlich.<br \/>\r\nDeine E-Mail-Adresse wird nicht ver\u00f6ffentlicht.<br \/>\r\nEs ist m\u00f6glich, dass dein Eintrag im G\u00e4stebuch erst sichtbar ist, nachdem wir ihn \u00fcberpr\u00fcft haben.<br \/>\r\nWir behalten uns vor, Eintr\u00e4ge zu bearbeiten, zu l\u00f6schen oder nicht zu ver\u00f6ffentlichen.\n\t\t\t<\/div><\/form><div class=\"gwolle-gb-read gwolle-gb-ajax gwolle-gb-entries-list\" data-book_id=\"1\">(Noch keine Eintr\u00e4ge)<\/div><\/div>\n\n\n\n<p><\/p>\n","protected":false},"excerpt":{"rendered":"<p>Hier bekommst du die Gelegenheit mir ein Feedback zu schreiben. Vielleicht hast du ja mal einen Kurs oder Workshop von mir besucht. Ich freue mich [&hellip;]<\/p>\n","protected":false},"author":2,"featured_media":0,"parent":0,"menu_order":0,"comment_status":"closed","ping_status":"closed","template":"","meta":{"om_disable_all_campaigns":false,"_monsterinsights_skip_tracking":false,"_monsterinsights_sitenote_active":false,"_monsterinsights_sitenote_note":"","_monsterinsights_sitenote_category":0,"footnotes":""},"class_list":["post-146","page","type-page","status-publish","hentry"],"aioseo_notices":[],"_links":{"self":[{"href":"https:\/\/www.tk2d-academy.de\/index.php\/wp-json\/wp\/v2\/pages\/146","targetHints":{"allow":["GET"]}}],"collection":[{"href":"https:\/\/www.tk2d-academy.de\/index.php\/wp-json\/wp\/v2\/pages"}],"about":[{"href":"https:\/\/www.tk2d-academy.de\/index.php\/wp-json\/wp\/v2\/types\/page"}],"author":[{"embeddable":true,"href":"https:\/\/www.tk2d-academy.de\/index.php\/wp-json\/wp\/v2\/users\/2"}],"replies":[{"embeddable":true,"href":"https:\/\/www.tk2d-academy.de\/index.php\/wp-json\/wp\/v2\/comments?post=146"}],"version-history":[{"count":4,"href":"https:\/\/www.tk2d-academy.de\/index.php\/wp-json\/wp\/v2\/pages\/146\/revisions"}],"predecessor-version":[{"id":154,"href":"https:\/\/www.tk2d-academy.de\/index.php\/wp-json\/wp\/v2\/pages\/146\/revisions\/154"}],"wp:attachment":[{"href":"https:\/\/www.tk2d-academy.de\/index.php\/wp-json\/wp\/v2\/media?parent=146"}],"curies":[{"name":"wp","href":"https:\/\/api.w.org\/{rel}","templated":true}]}}