{"id":119,"date":"2025-01-08T13:21:47","date_gmt":"2025-01-08T12:21:47","guid":{"rendered":"https:\/\/www.tk2d-academy.de\/?page_id=119"},"modified":"2026-03-10T11:29:58","modified_gmt":"2026-03-10T10:29:58","slug":"ueber-mich","status":"publish","type":"page","link":"https:\/\/www.tk2d-academy.de\/index.php\/ueber-mich\/","title":{"rendered":"Unser Team"},"content":{"rendered":"<div class=\"wp-block-image\">\n<figure class=\"aligncenter size-large is-resized\"><img fetchpriority=\"high\" decoding=\"async\" width=\"683\" height=\"1024\" src=\"https:\/\/www.tk2d-academy.de\/wp-content\/uploads\/2025\/01\/Dobok-1-683x1024.jpg\" alt=\"\" class=\"wp-image-139\" style=\"width:308px;height:auto\" srcset=\"https:\/\/www.tk2d-academy.de\/wp-content\/uploads\/2025\/01\/Dobok-1-683x1024.jpg 683w, https:\/\/www.tk2d-academy.de\/wp-content\/uploads\/2025\/01\/Dobok-1-200x300.jpg 200w, https:\/\/www.tk2d-academy.de\/wp-content\/uploads\/2025\/01\/Dobok-1-768x1152.jpg 768w, https:\/\/www.tk2d-academy.de\/wp-content\/uploads\/2025\/01\/Dobok-1-1024x1536.jpg 1024w, https:\/\/www.tk2d-academy.de\/wp-content\/uploads\/2025\/01\/Dobok-1-1366x2048.jpg 1366w, https:\/\/www.tk2d-academy.de\/wp-content\/uploads\/2025\/01\/Dobok-1-scaled.jpg 1707w\" sizes=\"(max-width: 683px) 100vw, 683px\" \/><\/figure>\n<\/div>\n\n\n<p><\/p>\n\n\n\n<p>Mein Name ist Sebastian, und seit meiner Kindheit begleitet mich die Leidenschaft f\u00fcr Kampfsport und Selbstverteidigung. Schon als Kind begeisterten mich einschl\u00e4gige Filme mit dem Kampfsportthema und mit 6 Jahren begann meine Reise im Taekwondo und habe inzwischen den 3. Dan im Taekwondo sowie den 3. Dan im Taekwondo Defense (TKDD) erreicht. \u00dcber die Jahre habe ich einige Lizenzierungen abgeschlossen. Unter Anderem geh\u00f6ren dazu die Pr\u00fcferlizenz im Taekwondo wie Taekwondo Defense und auch die jeweilige Trainerlizenzen im Taekwondo und Taekwondo Defense. Auch die Lizenz Taekwondolehrer f\u00fcr Schulsportunterricht und eine Fitnesstrainer-C-Lizenz wurden erlangt. Neben Taekwondo habe ich im Laufe der Jahre auch in andere Kampfsportarten hineingeschnuppert, um meinen Horizont zu erweitern und ein umfassenderes Verst\u00e4ndnis von effektiver Selbstverteidigung zu erlangen.<\/p>\n\n\n\n<p>Beruflich war ich von 2017 &#8211; 2025 im Vollzug t\u00e4tig. Diese Aufgabe hat mir nicht nur ein tiefes Verst\u00e4ndnis f\u00fcr Sicherheit und Konfliktpr\u00e4vention vermittelt, sondern auch gezeigt, wie wichtig es ist, Menschen auf schwierige Situationen im Alltag vorzubereiten.<\/p>\n\n\n\n<p>Was mich antreibt, ist mehr als die reine Vermittlung von Techniken. Es ist mir ein besonderes Anliegen, Menschen nicht nur k\u00f6rperlich st\u00e4rker, sondern auch mental selbstbewusster zu machen. Ich glaube daran, dass Selbstverteidigung eng mit Pers\u00f6nlichkeitsentwicklung verbunden ist. Deshalb setze ich in meinen Kursen nicht nur auf praxisnahe \u00dcbungen, sondern auch auf die F\u00f6rderung von Selbstvertrauen, Resilienz und einer positiven Grundhaltung.<\/p>\n\n\n\n<p>Mein Ziel ist es, Sie nicht nur f\u00fcr den Ernstfall vorzubereiten, sondern auch im Alltag und Beruf ein neues Gef\u00fchl von Sicherheit und St\u00e4rke zu vermitteln. Gemeinsam arbeiten wir daran, deine St\u00e4rken zu entdecken und weiterzuentwickeln \u2013 auf der Matte und dar\u00fcber hinaus.<\/p>\n\n\n\n<p><\/p>\n\n\n\n<h3 class=\"wp-block-heading\"><strong>Nhung<\/strong><\/h3>\n\n\n\n<p><strong>Leitung Bambini-Training<\/strong><\/p>\n\n\n<div class=\"wp-block-image\">\n<figure class=\"aligncenter size-large is-resized\"><img decoding=\"async\" width=\"319\" height=\"1024\" src=\"https:\/\/www.tk2d-academy.de\/wp-content\/uploads\/2026\/03\/20250202_0419-2-319x1024.jpeg\" alt=\"\" class=\"wp-image-770\" style=\"width:173px;height:auto\" srcset=\"https:\/\/www.tk2d-academy.de\/wp-content\/uploads\/2026\/03\/20250202_0419-2-319x1024.jpeg 319w, https:\/\/www.tk2d-academy.de\/wp-content\/uploads\/2026\/03\/20250202_0419-2-93x300.jpeg 93w, https:\/\/www.tk2d-academy.de\/wp-content\/uploads\/2026\/03\/20250202_0419-2.jpeg 374w\" sizes=\"(max-width: 319px) 100vw, 319px\" \/><\/figure>\n<\/div>\n\n\n<p>Nhung leitet bei der TK2D Academy den Bambini-Bereich und begleitet unsere j\u00fcngsten Mitglieder mit viel Geduld, Freude und einem besonderen Gesp\u00fcr f\u00fcr Kinder.<\/p>\n\n\n\n<p>Sie praktiziert seit mehreren Jahren Taekwondo und besitzt den\u00a03. Kup im Taekwondo. Neben ihrer eigenen Kampfkunstpraxis bringt sie vor allem umfangreiche Erfahrung im Kindertraining mit: \u00dcber viele Jahre hinweg war sie als\u00a0Tanztrainerin t\u00e4tig und hat Kinder professionell in ihrer sportlichen Entwicklung begleitet.<\/p>\n\n\n\n<p>Durch diese Erfahrung verf\u00fcgt sie \u00fcber ein ausgezeichnetes Verst\u00e4ndnis f\u00fcr\u00a0Bewegungsf\u00f6rderung, Koordination und altersgerechte Trainingsmethodik. Besonders zeichnet sie aus, dass sie schnell eine\u00a0vertrauensvolle Beziehung zu den Kindern\u00a0aufbauen kann. Dadurch entsteht eine Trainingsatmosph\u00e4re, in der sich die j\u00fcngsten Mitglieder wohlf\u00fchlen und mit Freude lernen.<\/p>\n\n\n\n<p>Im Bambini-Training der TK2D Academy stehen daher nicht nur Bewegung und Koordination im Mittelpunkt, sondern auch\u00a0Selbstvertrauen, Mut und erste Grundlagen der Selbstbehauptung\u00a0\u2013 spielerisch und kindgerecht vermittelt.<\/p>\n","protected":false},"excerpt":{"rendered":"<p>Mein Name ist Sebastian, und seit meiner Kindheit begleitet mich die Leidenschaft f\u00fcr Kampfsport und Selbstverteidigung. Schon als Kind begeisterten mich einschl\u00e4gige Filme mit dem [&hellip;]<\/p>\n","protected":false},"author":2,"featured_media":0,"parent":0,"menu_order":0,"comment_status":"closed","ping_status":"closed","template":"","meta":{"om_disable_all_campaigns":false,"_monsterinsights_skip_tracking":false,"_monsterinsights_sitenote_active":false,"_monsterinsights_sitenote_note":"","_monsterinsights_sitenote_category":0,"footnotes":""},"class_list":["post-119","page","type-page","status-publish","hentry"],"aioseo_notices":[],"_links":{"self":[{"href":"https:\/\/www.tk2d-academy.de\/index.php\/wp-json\/wp\/v2\/pages\/119","targetHints":{"allow":["GET"]}}],"collection":[{"href":"https:\/\/www.tk2d-academy.de\/index.php\/wp-json\/wp\/v2\/pages"}],"about":[{"href":"https:\/\/www.tk2d-academy.de\/index.php\/wp-json\/wp\/v2\/types\/page"}],"author":[{"embeddable":true,"href":"https:\/\/www.tk2d-academy.de\/index.php\/wp-json\/wp\/v2\/users\/2"}],"replies":[{"embeddable":true,"href":"https:\/\/www.tk2d-academy.de\/index.php\/wp-json\/wp\/v2\/comments?post=119"}],"version-history":[{"count":9,"href":"https:\/\/www.tk2d-academy.de\/index.php\/wp-json\/wp\/v2\/pages\/119\/revisions"}],"predecessor-version":[{"id":774,"href":"https:\/\/www.tk2d-academy.de\/index.php\/wp-json\/wp\/v2\/pages\/119\/revisions\/774"}],"wp:attachment":[{"href":"https:\/\/www.tk2d-academy.de\/index.php\/wp-json\/wp\/v2\/media?parent=119"}],"curies":[{"name":"wp","href":"https:\/\/api.w.org\/{rel}","templated":true}]}}